{"id":2457,"date":"2018-05-07T01:23:00","date_gmt":"2018-05-07T05:23:00","guid":{"rendered":"http:\/\/www.hechoalana.com\/portal\/?post_type=product&amp;p=8"},"modified":"2018-05-07T01:23:00","modified_gmt":"2018-05-07T05:23:00","slug":"muneca-mailen","status":"publish","type":"product","link":"https:\/\/www.hechoalana.com\/portal\/?product=muneca-mailen","title":{"rendered":"Mu\u00f1eca Mail\u00e9n"},"content":{"rendered":"<p>Linda mu\u00f1eca amigurumi, su nombre en Mapudung\u00fan significa &#8220;princesa&#8221;. Est\u00e1 buscando una amiga que la adopte y le cuente sus secretos. Hecha a mano, 2 semanas de trabajo demora su creaci\u00f3n.<\/p>\n","protected":false},"excerpt":{"rendered":"<p>Su nombre en Mapudung\u00fan significa &#8220;princesa&#8221;.<\/p>\n","protected":false},"featured_media":13,"comment_status":"open","ping_status":"closed","template":"","meta":[],"product_cat":[18],"product_tag":[16],"class_list":{"0":"post-2457","1":"product","2":"type-product","3":"status-publish","4":"has-post-thumbnail","6":"product_cat-munecas","7":"product_tag-amigurumi","9":"first","10":"instock","11":"taxable","12":"shipping-taxable","13":"product-type-simple"},"_links":{"self":[{"href":"https:\/\/www.hechoalana.com\/portal\/index.php?rest_route=\/wp\/v2\/product\/2457","targetHints":{"allow":["GET"]}}],"collection":[{"href":"https:\/\/www.hechoalana.com\/portal\/index.php?rest_route=\/wp\/v2\/product"}],"about":[{"href":"https:\/\/www.hechoalana.com\/portal\/index.php?rest_route=\/wp\/v2\/types\/product"}],"replies":[{"embeddable":true,"href":"https:\/\/www.hechoalana.com\/portal\/index.php?rest_route=%2Fwp%2Fv2%2Fcomments&post=2457"}],"wp:featuredmedia":[{"embeddable":true,"href":"https:\/\/www.hechoalana.com\/portal\/index.php?rest_route=\/wp\/v2\/media\/13"}],"wp:attachment":[{"href":"https:\/\/www.hechoalana.com\/portal\/index.php?rest_route=%2Fwp%2Fv2%2Fmedia&parent=2457"}],"wp:term":[{"taxonomy":"product_cat","embeddable":true,"href":"https:\/\/www.hechoalana.com\/portal\/index.php?rest_route=%2Fwp%2Fv2%2Fproduct_cat&post=2457"},{"taxonomy":"product_tag","embeddable":true,"href":"https:\/\/www.hechoalana.com\/portal\/index.php?rest_route=%2Fwp%2Fv2%2Fproduct_tag&post=2457"}],"curies":[{"name":"wp","href":"https:\/\/api.w.org\/{rel}","templated":true}]}}